{"id":275,"date":"2026-02-25T17:06:04","date_gmt":"2026-02-25T17:06:04","guid":{"rendered":"https:\/\/samhot.ca\/?page_id=275"},"modified":"2026-03-13T16:42:58","modified_gmt":"2026-03-13T16:42:58","slug":"about","status":"publish","type":"page","link":"https:\/\/samhot.ca\/en\/about\/","title":{"rendered":"About"},"content":{"rendered":"\t\t<div data-elementor-type=\"wp-page\" data-elementor-id=\"275\" class=\"elementor elementor-275\" data-elementor-post-type=\"page\">\n\t\t\t\t<div class=\"elementor-element elementor-element-368fd27 e-flex e-con-boxed e-con e-parent\" data-id=\"368fd27\" data-element_type=\"container\" data-e-type=\"container\" data-settings=\"{&quot;background_background&quot;:&quot;classic&quot;,&quot;jet_parallax_layout_list&quot;:[]}\">\n\t\t\t\t\t<div class=\"e-con-inner\">\n\t\t\t\t\t<\/div>\n\t\t\t\t<\/div>\n\t\t<div class=\"elementor-element elementor-element-33f8731 e-flex e-con-boxed e-con e-parent\" data-id=\"33f8731\" data-element_type=\"container\" data-e-type=\"container\" data-settings=\"{&quot;jet_parallax_layout_list&quot;:[]}\">\n\t\t\t\t\t<div class=\"e-con-inner\">\n\t\t<div class=\"elementor-element elementor-element-4616aba e-con-full e-flex e-con e-child\" data-id=\"4616aba\" data-element_type=\"container\" data-e-type=\"container\" data-settings=\"{&quot;jet_parallax_layout_list&quot;:[],&quot;background_background&quot;:&quot;gradient&quot;}\">\n\t\t\t\t<div class=\"elementor-element elementor-element-41889bb elementor-widget elementor-widget-image\" data-id=\"41889bb\" data-element_type=\"widget\" data-e-type=\"widget\" data-settings=\"{&quot;sticky&quot;:&quot;top&quot;,&quot;sticky_offset&quot;:30,&quot;sticky_parent&quot;:&quot;yes&quot;,&quot;sticky_on&quot;:[&quot;desktop&quot;,&quot;tablet&quot;,&quot;mobile&quot;],&quot;sticky_effects_offset&quot;:0,&quot;sticky_anchor_link_offset&quot;:0}\" data-widget_type=\"image.default\">\n\t\t\t\t\t\t\t\t\t\t\t\t\t\t\t<img fetchpriority=\"high\" decoding=\"async\" width=\"548\" height=\"745\" src=\"https:\/\/samhot.ca\/wp-content\/uploads\/2026\/02\/LOGO-SAMHOT-ET-FROG-REVA-03_1761614564.webp\" class=\"attachment-large size-large wp-image-10\" alt=\"\" srcset=\"https:\/\/samhot.ca\/wp-content\/uploads\/2026\/02\/LOGO-SAMHOT-ET-FROG-REVA-03_1761614564.webp 548w, https:\/\/samhot.ca\/wp-content\/uploads\/2026\/02\/LOGO-SAMHOT-ET-FROG-REVA-03_1761614564-221x300.webp 221w\" sizes=\"(max-width: 548px) 100vw, 548px\" \/>\t\t\t\t\t\t\t\t\t\t\t\t\t\t\t<\/div>\n\t\t\t\t<\/div>\n\t\t<div class=\"elementor-element elementor-element-2ae8bdb e-con-full e-flex e-con e-child\" data-id=\"2ae8bdb\" data-element_type=\"container\" data-e-type=\"container\" data-settings=\"{&quot;jet_parallax_layout_list&quot;:[]}\">\n\t\t\t\t<div class=\"elementor-element elementor-element-db8ac7b elementor-widget elementor-widget-heading\" data-id=\"db8ac7b\" data-element_type=\"widget\" data-e-type=\"widget\" data-widget_type=\"heading.default\">\n\t\t\t\t\t<h2 class=\"elementor-heading-title elementor-size-default\">Notre histoire<\/h2>\t\t\t\t<\/div>\n\t\t\t\t<div class=\"elementor-element elementor-element-96fe673 elementor-widget elementor-widget-text-editor\" data-id=\"96fe673\" data-element_type=\"widget\" data-e-type=\"widget\" data-widget_type=\"text-editor.default\">\n\t\t\t\t\t\t\t\t\t<p>Depuis toujours, j\u2019ai un faible pour tout ce qui \u201cchauffe\u201d un peu\u2026 ou beaucoup !<br \/>Au d\u00e9but des ann\u00e9es 2000, je vendais des sauces piquantes venues des quatre coins du monde. Mais en 2012, tout a vraiment commenc\u00e9\u2026 \u00e0 la maison. Les sauces trop puissantes que je rapportais restaient souvent au frigo parce que trop intenses pour mes quatre (lles! J\u2019ai donc commenc\u00e9 \u00e0 cr\u00e9er mes propres rece*es : du piquant, oui\u2026 mais surtout du go\u00fbt.<\/p><p>Le nom SAMHOT vient de Tomas, mon (ls qui \u00e9crit \u00e0 l\u2019envers devient SAMOT \u2014 auquel j\u2019ai ajout\u00e9 le H pour le c\u00f4t\u00e9 HOT de la chose.<\/p><p>Quant \u00e0 la grenouille, ce surnom parfois donn\u00e9 aux Qu\u00e9b\u00e9cois est devenu ici un clin d\u2019\u0153il assum\u00e9. Inspir\u00e9e des dendrobates tropicales, pe6tes, color\u00e9es\u2026 mais redoutablement piquantes et v\u00e9n\u00e9neuses, elle impose le respect tout en amusant.<\/p><p>Le personnage de SAM a pris vie gr\u00e2ce au talent d\u2019Andr\u00e9 Martel, illustrateur g\u00e9nial qui a su donner forme \u00e0 cette grenouille intr\u00e9pide.<\/p><p>C\u2019est hot, non?<br \/>Non, c\u2019est\u2026 SAMHOT!<\/p>\t\t\t\t\t\t\t\t<\/div>\n\t\t\t\t<\/div>\n\t\t\t\t\t<\/div>\n\t\t\t\t<\/div>\n\t\t<div class=\"elementor-element elementor-element-5c9f43a e-flex e-con-boxed e-con e-parent\" data-id=\"5c9f43a\" data-element_type=\"container\" data-e-type=\"container\" data-settings=\"{&quot;jet_parallax_layout_list&quot;:[]}\">\n\t\t\t\t\t<div class=\"e-con-inner\">\n\t\t<div class=\"elementor-element elementor-element-f37d09e e-con-full e-flex e-con e-child\" data-id=\"f37d09e\" data-element_type=\"container\" data-e-type=\"container\" data-settings=\"{&quot;jet_parallax_layout_list&quot;:[]}\">\n\t\t\t\t<div class=\"elementor-element elementor-element-6182f22 elementor-position-top elementor-widget elementor-widget-image-box\" data-id=\"6182f22\" data-element_type=\"widget\" data-e-type=\"widget\" data-widget_type=\"image-box.default\">\n\t\t\t\t\t<div class=\"elementor-image-box-wrapper\"><figure class=\"elementor-image-box-img\"><img decoding=\"async\" width=\"2084\" height=\"2084\" src=\"https:\/\/samhot.ca\/wp-content\/uploads\/2026\/02\/imgi_64_3GBTKF2AF5NX3BUXGDXGERGT.webp\" class=\"attachment-full size-full wp-image-262\" alt=\"\" srcset=\"https:\/\/samhot.ca\/wp-content\/uploads\/2026\/02\/imgi_64_3GBTKF2AF5NX3BUXGDXGERGT.webp 2084w, https:\/\/samhot.ca\/wp-content\/uploads\/2026\/02\/imgi_64_3GBTKF2AF5NX3BUXGDXGERGT-300x300.webp 300w, https:\/\/samhot.ca\/wp-content\/uploads\/2026\/02\/imgi_64_3GBTKF2AF5NX3BUXGDXGERGT-1024x1024.webp 1024w, https:\/\/samhot.ca\/wp-content\/uploads\/2026\/02\/imgi_64_3GBTKF2AF5NX3BUXGDXGERGT-150x150.webp 150w, https:\/\/samhot.ca\/wp-content\/uploads\/2026\/02\/imgi_64_3GBTKF2AF5NX3BUXGDXGERGT-768x768.webp 768w, https:\/\/samhot.ca\/wp-content\/uploads\/2026\/02\/imgi_64_3GBTKF2AF5NX3BUXGDXGERGT-1536x1536.webp 1536w, https:\/\/samhot.ca\/wp-content\/uploads\/2026\/02\/imgi_64_3GBTKF2AF5NX3BUXGDXGERGT-2048x2048.webp 2048w, https:\/\/samhot.ca\/wp-content\/uploads\/2026\/02\/imgi_64_3GBTKF2AF5NX3BUXGDXGERGT-600x600.webp 600w, https:\/\/samhot.ca\/wp-content\/uploads\/2026\/02\/imgi_64_3GBTKF2AF5NX3BUXGDXGERGT-100x100.webp 100w\" sizes=\"(max-width: 2084px) 100vw, 2084px\" \/><\/figure><div class=\"elementor-image-box-content\"><p class=\"elementor-image-box-description\">On fait une sauce Sam de Reaper tellement piquante qu'il est impossible de la manipuler et de la d\u00e9couper avec dext\u00e9rit\u00e9.<\/p><\/div><\/div>\t\t\t\t<\/div>\n\t\t\t\t<\/div>\n\t\t<div class=\"elementor-element elementor-element-e8bbb31 e-con-full e-flex e-con e-child\" data-id=\"e8bbb31\" data-element_type=\"container\" data-e-type=\"container\" data-settings=\"{&quot;jet_parallax_layout_list&quot;:[]}\">\n\t\t\t\t<div class=\"elementor-element elementor-element-62030a7 elementor-position-top elementor-widget elementor-widget-image-box\" data-id=\"62030a7\" data-element_type=\"widget\" data-e-type=\"widget\" data-widget_type=\"image-box.default\">\n\t\t\t\t\t<div class=\"elementor-image-box-wrapper\"><figure class=\"elementor-image-box-img\"><img decoding=\"async\" width=\"2084\" height=\"2084\" src=\"https:\/\/samhot.ca\/wp-content\/uploads\/2026\/02\/imgi_72_FXXABCM4SRI4OFI3D4EAORHJ.webp\" class=\"attachment-full size-full wp-image-239\" alt=\"\" srcset=\"https:\/\/samhot.ca\/wp-content\/uploads\/2026\/02\/imgi_72_FXXABCM4SRI4OFI3D4EAORHJ.webp 2084w, https:\/\/samhot.ca\/wp-content\/uploads\/2026\/02\/imgi_72_FXXABCM4SRI4OFI3D4EAORHJ-300x300.webp 300w, https:\/\/samhot.ca\/wp-content\/uploads\/2026\/02\/imgi_72_FXXABCM4SRI4OFI3D4EAORHJ-1024x1024.webp 1024w, https:\/\/samhot.ca\/wp-content\/uploads\/2026\/02\/imgi_72_FXXABCM4SRI4OFI3D4EAORHJ-150x150.webp 150w, https:\/\/samhot.ca\/wp-content\/uploads\/2026\/02\/imgi_72_FXXABCM4SRI4OFI3D4EAORHJ-768x768.webp 768w, https:\/\/samhot.ca\/wp-content\/uploads\/2026\/02\/imgi_72_FXXABCM4SRI4OFI3D4EAORHJ-1536x1536.webp 1536w, https:\/\/samhot.ca\/wp-content\/uploads\/2026\/02\/imgi_72_FXXABCM4SRI4OFI3D4EAORHJ-2048x2048.webp 2048w, https:\/\/samhot.ca\/wp-content\/uploads\/2026\/02\/imgi_72_FXXABCM4SRI4OFI3D4EAORHJ-600x600.webp 600w, https:\/\/samhot.ca\/wp-content\/uploads\/2026\/02\/imgi_72_FXXABCM4SRI4OFI3D4EAORHJ-100x100.webp 100w\" sizes=\"(max-width: 2084px) 100vw, 2084px\" \/><\/figure><div class=\"elementor-image-box-content\"><p class=\"elementor-image-box-description\">D\u00e9couvrez l\u2019intensit\u00e9 audacieuse de la SAMHOT 7POT PRIMO, con\u00e7ue pour les vrais amateurs de piquant. <\/p><\/div><\/div>\t\t\t\t<\/div>\n\t\t\t\t<\/div>\n\t\t\t\t\t<\/div>\n\t\t\t\t<\/div>\n\t\t<div class=\"elementor-element elementor-element-05ba838 e-flex e-con-boxed e-con e-parent\" data-id=\"05ba838\" data-element_type=\"container\" data-e-type=\"container\" data-settings=\"{&quot;jet_parallax_layout_list&quot;:[]}\">\n\t\t\t\t\t<div class=\"e-con-inner\">\n\t\t<div class=\"elementor-element elementor-element-2a7ebf8 e-con-full e-flex e-con e-child\" data-id=\"2a7ebf8\" data-element_type=\"container\" data-e-type=\"container\" data-settings=\"{&quot;jet_parallax_layout_list&quot;:[]}\">\n\t\t\t\t<div class=\"elementor-element elementor-element-47adc34 elementor-position-top elementor-widget elementor-widget-image-box\" data-id=\"47adc34\" data-element_type=\"widget\" data-e-type=\"widget\" data-widget_type=\"image-box.default\">\n\t\t\t\t\t<div class=\"elementor-image-box-wrapper\"><figure class=\"elementor-image-box-img\"><img loading=\"lazy\" decoding=\"async\" width=\"640\" height=\"640\" src=\"https:\/\/samhot.ca\/wp-content\/uploads\/2026\/02\/KOLEEVZMADZCL65M6CSF7KHM.png\" class=\"attachment-full size-full wp-image-166\" alt=\"\" srcset=\"https:\/\/samhot.ca\/wp-content\/uploads\/2026\/02\/KOLEEVZMADZCL65M6CSF7KHM.png 640w, https:\/\/samhot.ca\/wp-content\/uploads\/2026\/02\/KOLEEVZMADZCL65M6CSF7KHM-300x300.png 300w, https:\/\/samhot.ca\/wp-content\/uploads\/2026\/02\/KOLEEVZMADZCL65M6CSF7KHM-150x150.png 150w, https:\/\/samhot.ca\/wp-content\/uploads\/2026\/02\/KOLEEVZMADZCL65M6CSF7KHM-600x600.png 600w, https:\/\/samhot.ca\/wp-content\/uploads\/2026\/02\/KOLEEVZMADZCL65M6CSF7KHM-100x100.png 100w\" sizes=\"(max-width: 640px) 100vw, 640px\" \/><\/figure><div class=\"elementor-image-box-content\"><p class=\"elementor-image-box-description\">Arrosez chaque pointe de pizza d'une saveur intense gr\u00e2ce \u00e0 l'huile \u00e0 pizza SAMHOT. Infus\u00e9e de piments de premi\u00e8re qualit\u00e9.<\/p><\/div><\/div>\t\t\t\t<\/div>\n\t\t\t\t<\/div>\n\t\t<div class=\"elementor-element elementor-element-731c243 e-con-full e-flex e-con e-child\" data-id=\"731c243\" data-element_type=\"container\" data-e-type=\"container\" data-settings=\"{&quot;jet_parallax_layout_list&quot;:[]}\">\n\t\t\t\t<div class=\"elementor-element elementor-element-f6fe929 elementor-position-top elementor-widget elementor-widget-image-box\" data-id=\"f6fe929\" data-element_type=\"widget\" data-e-type=\"widget\" data-widget_type=\"image-box.default\">\n\t\t\t\t\t<div class=\"elementor-image-box-wrapper\"><figure class=\"elementor-image-box-img\"><img loading=\"lazy\" decoding=\"async\" width=\"2084\" height=\"2084\" src=\"https:\/\/samhot.ca\/wp-content\/uploads\/2026\/02\/imgi_67_IKPIDRUMGRHDAM3V2WRR2422.webp\" class=\"attachment-full size-full wp-image-272\" alt=\"\" srcset=\"https:\/\/samhot.ca\/wp-content\/uploads\/2026\/02\/imgi_67_IKPIDRUMGRHDAM3V2WRR2422.webp 2084w, https:\/\/samhot.ca\/wp-content\/uploads\/2026\/02\/imgi_67_IKPIDRUMGRHDAM3V2WRR2422-300x300.webp 300w, https:\/\/samhot.ca\/wp-content\/uploads\/2026\/02\/imgi_67_IKPIDRUMGRHDAM3V2WRR2422-1024x1024.webp 1024w, https:\/\/samhot.ca\/wp-content\/uploads\/2026\/02\/imgi_67_IKPIDRUMGRHDAM3V2WRR2422-150x150.webp 150w, https:\/\/samhot.ca\/wp-content\/uploads\/2026\/02\/imgi_67_IKPIDRUMGRHDAM3V2WRR2422-768x768.webp 768w, https:\/\/samhot.ca\/wp-content\/uploads\/2026\/02\/imgi_67_IKPIDRUMGRHDAM3V2WRR2422-1536x1536.webp 1536w, https:\/\/samhot.ca\/wp-content\/uploads\/2026\/02\/imgi_67_IKPIDRUMGRHDAM3V2WRR2422-2048x2048.webp 2048w, https:\/\/samhot.ca\/wp-content\/uploads\/2026\/02\/imgi_67_IKPIDRUMGRHDAM3V2WRR2422-600x600.webp 600w, https:\/\/samhot.ca\/wp-content\/uploads\/2026\/02\/imgi_67_IKPIDRUMGRHDAM3V2WRR2422-100x100.webp 100w\" sizes=\"(max-width: 2084px) 100vw, 2084px\" \/><\/figure><div class=\"elementor-image-box-content\"><p class=\"elementor-image-box-description\">Nous offrons \u00e9galement des coffrets-cadeaux qui fascinent nos clients, non seulement par leur prix, mais aussi par leur qualit\u00e9.<\/p><\/div><\/div>\t\t\t\t<\/div>\n\t\t\t\t<\/div>\n\t\t\t\t\t<\/div>\n\t\t\t\t<\/div>\n\t\t<div class=\"elementor-element elementor-element-eabac71 e-flex e-con-boxed e-con e-parent\" data-id=\"eabac71\" data-element_type=\"container\" data-e-type=\"container\" data-settings=\"{&quot;jet_parallax_layout_list&quot;:[]}\">\n\t\t\t\t\t<div class=\"e-con-inner\">\n\t\t\t\t<div class=\"elementor-element elementor-element-dad5776 elementor-widget elementor-widget-heading\" data-id=\"dad5776\" data-element_type=\"widget\" data-e-type=\"widget\" data-widget_type=\"heading.default\">\n\t\t\t\t\t<h2 class=\"elementor-heading-title elementor-size-default\">Foire aux questions<\/h2>\t\t\t\t<\/div>\n\t\t\t\t\t<\/div>\n\t\t\t\t<\/div>\n\t\t<div class=\"elementor-element elementor-element-8c22b12 e-flex e-con-boxed e-con e-parent\" data-id=\"8c22b12\" data-element_type=\"container\" data-e-type=\"container\" data-settings=\"{&quot;jet_parallax_layout_list&quot;:[]}\">\n\t\t\t\t\t<div class=\"e-con-inner\">\n\t\t\t\t<div class=\"elementor-element elementor-element-d2c4a86 elementor-widget elementor-widget-n-accordion\" data-id=\"d2c4a86\" data-element_type=\"widget\" data-e-type=\"widget\" data-settings=\"{&quot;default_state&quot;:&quot;all_collapsed&quot;,&quot;max_items_expended&quot;:&quot;one&quot;,&quot;n_accordion_animation_duration&quot;:{&quot;unit&quot;:&quot;ms&quot;,&quot;size&quot;:400,&quot;sizes&quot;:[]}}\" data-widget_type=\"nested-accordion.default\">\n\t\t\t\t\t\t\t<div class=\"e-n-accordion\" aria-label=\"Accordion. Open links with Enter or Space, close with Escape, and navigate with Arrow Keys\">\n\t\t\t\t\t\t<details id=\"e-n-accordion-item-2210\" class=\"e-n-accordion-item\" >\n\t\t\t\t<summary class=\"e-n-accordion-item-title\" data-accordion-index=\"1\" tabindex=\"0\" aria-expanded=\"false\" aria-controls=\"e-n-accordion-item-2210\" >\n\t\t\t\t\t<span class='e-n-accordion-item-title-header'><div class=\"e-n-accordion-item-title-text\"> Quelle est la marque de sauce piquante la plus populaire ? <\/div><\/span>\n\t\t\t\t\t\t\t<span class='e-n-accordion-item-title-icon'>\n\t\t\t<span class='e-opened' ><svg aria-hidden=\"true\" class=\"e-font-icon-svg e-fas-chevron-up\" viewBox=\"0 0 448 512\" xmlns=\"http:\/\/www.w3.org\/2000\/svg\"><path d=\"M240.971 130.524l194.343 194.343c9.373 9.373 9.373 24.569 0 33.941l-22.667 22.667c-9.357 9.357-24.522 9.375-33.901.04L224 227.495 69.255 381.516c-9.379 9.335-24.544 9.317-33.901-.04l-22.667-22.667c-9.373-9.373-9.373-24.569 0-33.941L207.03 130.525c9.372-9.373 24.568-9.373 33.941-.001z\"><\/path><\/svg><\/span>\n\t\t\t<span class='e-closed'><svg aria-hidden=\"true\" class=\"e-font-icon-svg e-fas-chevron-down\" viewBox=\"0 0 448 512\" xmlns=\"http:\/\/www.w3.org\/2000\/svg\"><path d=\"M207.029 381.476L12.686 187.132c-9.373-9.373-9.373-24.569 0-33.941l22.667-22.667c9.357-9.357 24.522-9.375 33.901-.04L224 284.505l154.745-154.021c9.379-9.335 24.544-9.317 33.901.04l22.667 22.667c9.373 9.373 9.373 24.569 0 33.941L240.971 381.476c-9.373 9.372-24.569 9.372-33.942 0z\"><\/path><\/svg><\/span>\n\t\t<\/span>\n\n\t\t\t\t\t\t<\/summary>\n\t\t\t\t<div role=\"region\" aria-labelledby=\"e-n-accordion-item-2210\" class=\"elementor-element elementor-element-b9336e0 e-con-full e-flex e-con e-child\" data-id=\"b9336e0\" data-element_type=\"container\" data-e-type=\"container\" data-settings=\"{&quot;jet_parallax_layout_list&quot;:[]}\">\n\t\t\t\t<div class=\"elementor-element elementor-element-b8145f3 elementor-widget elementor-widget-heading\" data-id=\"b8145f3\" data-element_type=\"widget\" data-e-type=\"widget\" data-widget_type=\"heading.default\">\n\t\t\t\t\t<h2 class=\"elementor-heading-title elementor-size-default\">Nous offrons des sauces piquantes populaires\u00a0: barbecue, aneth, originale, mangue, verde, primo, scorpio et citron vert. Huiles \u00e0 pizza. \u00c9pices pour Bloody Mary.<\/h2>\t\t\t\t<\/div>\n\t\t\t\t<\/div>\n\t\t\t\t\t<\/details>\n\t\t\t\t\t\t<details id=\"e-n-accordion-item-2211\" class=\"e-n-accordion-item\" >\n\t\t\t\t<summary class=\"e-n-accordion-item-title\" data-accordion-index=\"2\" tabindex=\"-1\" aria-expanded=\"false\" aria-controls=\"e-n-accordion-item-2211\" >\n\t\t\t\t\t<span class='e-n-accordion-item-title-header'><div class=\"e-n-accordion-item-title-text\"> Combien de cat\u00e9gories avez-vous ? <\/div><\/span>\n\t\t\t\t\t\t\t<span class='e-n-accordion-item-title-icon'>\n\t\t\t<span class='e-opened' ><svg aria-hidden=\"true\" class=\"e-font-icon-svg e-fas-chevron-up\" viewBox=\"0 0 448 512\" xmlns=\"http:\/\/www.w3.org\/2000\/svg\"><path d=\"M240.971 130.524l194.343 194.343c9.373 9.373 9.373 24.569 0 33.941l-22.667 22.667c-9.357 9.357-24.522 9.375-33.901.04L224 227.495 69.255 381.516c-9.379 9.335-24.544 9.317-33.901-.04l-22.667-22.667c-9.373-9.373-9.373-24.569 0-33.941L207.03 130.525c9.372-9.373 24.568-9.373 33.941-.001z\"><\/path><\/svg><\/span>\n\t\t\t<span class='e-closed'><svg aria-hidden=\"true\" class=\"e-font-icon-svg e-fas-chevron-down\" viewBox=\"0 0 448 512\" xmlns=\"http:\/\/www.w3.org\/2000\/svg\"><path d=\"M207.029 381.476L12.686 187.132c-9.373-9.373-9.373-24.569 0-33.941l22.667-22.667c9.357-9.357 24.522-9.375 33.901-.04L224 284.505l154.745-154.021c9.379-9.335 24.544-9.317 33.901.04l22.667 22.667c9.373 9.373 9.373 24.569 0 33.941L240.971 381.476c-9.373 9.372-24.569 9.372-33.942 0z\"><\/path><\/svg><\/span>\n\t\t<\/span>\n\n\t\t\t\t\t\t<\/summary>\n\t\t\t\t<div role=\"region\" aria-labelledby=\"e-n-accordion-item-2211\" class=\"elementor-element elementor-element-1c863d6 e-con-full e-flex e-con e-child\" data-id=\"1c863d6\" data-element_type=\"container\" data-e-type=\"container\" data-settings=\"{&quot;jet_parallax_layout_list&quot;:[]}\">\n\t\t\t\t<div class=\"elementor-element elementor-element-b58ab55 elementor-widget elementor-widget-heading\" data-id=\"b58ab55\" data-element_type=\"widget\" data-e-type=\"widget\" data-widget_type=\"heading.default\">\n\t\t\t\t\t<h2 class=\"elementor-heading-title elementor-size-default\">Nous avons cinq cat\u00e9gories\u00a0: \u00e9pices, sauces, huiles, cadeaux et popcorn.<\/h2>\t\t\t\t<\/div>\n\t\t\t\t<\/div>\n\t\t\t\t\t<\/details>\n\t\t\t\t\t\t<details id=\"e-n-accordion-item-2212\" class=\"e-n-accordion-item\" >\n\t\t\t\t<summary class=\"e-n-accordion-item-title\" data-accordion-index=\"3\" tabindex=\"-1\" aria-expanded=\"false\" aria-controls=\"e-n-accordion-item-2212\" >\n\t\t\t\t\t<span class='e-n-accordion-item-title-header'><div class=\"e-n-accordion-item-title-text\"> O\u00f9 est situ\u00e9 Samhot ? <\/div><\/span>\n\t\t\t\t\t\t\t<span class='e-n-accordion-item-title-icon'>\n\t\t\t<span class='e-opened' ><svg aria-hidden=\"true\" class=\"e-font-icon-svg e-fas-chevron-up\" viewBox=\"0 0 448 512\" xmlns=\"http:\/\/www.w3.org\/2000\/svg\"><path d=\"M240.971 130.524l194.343 194.343c9.373 9.373 9.373 24.569 0 33.941l-22.667 22.667c-9.357 9.357-24.522 9.375-33.901.04L224 227.495 69.255 381.516c-9.379 9.335-24.544 9.317-33.901-.04l-22.667-22.667c-9.373-9.373-9.373-24.569 0-33.941L207.03 130.525c9.372-9.373 24.568-9.373 33.941-.001z\"><\/path><\/svg><\/span>\n\t\t\t<span class='e-closed'><svg aria-hidden=\"true\" class=\"e-font-icon-svg e-fas-chevron-down\" viewBox=\"0 0 448 512\" xmlns=\"http:\/\/www.w3.org\/2000\/svg\"><path d=\"M207.029 381.476L12.686 187.132c-9.373-9.373-9.373-24.569 0-33.941l22.667-22.667c9.357-9.357 24.522-9.375 33.901-.04L224 284.505l154.745-154.021c9.379-9.335 24.544-9.317 33.901.04l22.667 22.667c9.373 9.373 9.373 24.569 0 33.941L240.971 381.476c-9.373 9.372-24.569 9.372-33.942 0z\"><\/path><\/svg><\/span>\n\t\t<\/span>\n\n\t\t\t\t\t\t<\/summary>\n\t\t\t\t<div role=\"region\" aria-labelledby=\"e-n-accordion-item-2212\" class=\"elementor-element elementor-element-ee748e9 e-con-full e-flex e-con e-child\" data-id=\"ee748e9\" data-element_type=\"container\" data-e-type=\"container\" data-settings=\"{&quot;jet_parallax_layout_list&quot;:[]}\">\n\t\t\t\t<div class=\"elementor-element elementor-element-ef01210 elementor-widget elementor-widget-heading\" data-id=\"ef01210\" data-element_type=\"widget\" data-e-type=\"widget\" data-widget_type=\"heading.default\">\n\t\t\t\t\t<h2 class=\"elementor-heading-title elementor-size-default\">Nous sommes situ\u00e9s au Quebec, Canada et vous pouvez obtenir nos produits en commandant en ligne.<\/h2>\t\t\t\t<\/div>\n\t\t\t\t<\/div>\n\t\t\t\t\t<\/details>\n\t\t\t\t\t\t<details id=\"e-n-accordion-item-2213\" class=\"e-n-accordion-item\" >\n\t\t\t\t<summary class=\"e-n-accordion-item-title\" data-accordion-index=\"4\" tabindex=\"-1\" aria-expanded=\"false\" aria-controls=\"e-n-accordion-item-2213\" >\n\t\t\t\t\t<span class='e-n-accordion-item-title-header'><div class=\"e-n-accordion-item-title-text\"> Quel est le d\u00e9lai de livraison des sauces piquantes Hot Ones\u00a0? <\/div><\/span>\n\t\t\t\t\t\t\t<span class='e-n-accordion-item-title-icon'>\n\t\t\t<span class='e-opened' ><svg aria-hidden=\"true\" class=\"e-font-icon-svg e-fas-chevron-up\" viewBox=\"0 0 448 512\" xmlns=\"http:\/\/www.w3.org\/2000\/svg\"><path d=\"M240.971 130.524l194.343 194.343c9.373 9.373 9.373 24.569 0 33.941l-22.667 22.667c-9.357 9.357-24.522 9.375-33.901.04L224 227.495 69.255 381.516c-9.379 9.335-24.544 9.317-33.901-.04l-22.667-22.667c-9.373-9.373-9.373-24.569 0-33.941L207.03 130.525c9.372-9.373 24.568-9.373 33.941-.001z\"><\/path><\/svg><\/span>\n\t\t\t<span class='e-closed'><svg aria-hidden=\"true\" class=\"e-font-icon-svg e-fas-chevron-down\" viewBox=\"0 0 448 512\" xmlns=\"http:\/\/www.w3.org\/2000\/svg\"><path d=\"M207.029 381.476L12.686 187.132c-9.373-9.373-9.373-24.569 0-33.941l22.667-22.667c9.357-9.357 24.522-9.375 33.901-.04L224 284.505l154.745-154.021c9.379-9.335 24.544-9.317 33.901.04l22.667 22.667c9.373 9.373 9.373 24.569 0 33.941L240.971 381.476c-9.373 9.372-24.569 9.372-33.942 0z\"><\/path><\/svg><\/span>\n\t\t<\/span>\n\n\t\t\t\t\t\t<\/summary>\n\t\t\t\t<div role=\"region\" aria-labelledby=\"e-n-accordion-item-2213\" class=\"elementor-element elementor-element-256781e e-con-full e-flex e-con e-child\" data-id=\"256781e\" data-element_type=\"container\" data-e-type=\"container\" data-settings=\"{&quot;jet_parallax_layout_list&quot;:[]}\">\n\t\t\t\t<div class=\"elementor-element elementor-element-4d31211 elementor-widget elementor-widget-heading\" data-id=\"4d31211\" data-element_type=\"widget\" data-e-type=\"widget\" data-widget_type=\"heading.default\">\n\t\t\t\t\t<h2 class=\"elementor-heading-title elementor-size-default\">Nous pr\u00e9parons actuellement les commandes de sauce piquante le jour m\u00eame et les livraisons arrivent g\u00e9n\u00e9ralement en 3 \u00e0 5 jours ouvrables aux \u00c9tats-Unis\u00a0! Les d\u00e9lais de livraison internationaux varient, nous vous recommandons donc de remplir votre panier et de vous rendre sur la page de paiement pour obtenir une estimation.<\/h2>\t\t\t\t<\/div>\n\t\t\t\t<\/div>\n\t\t\t\t\t<\/details>\n\t\t\t\t\t<\/div>\n\t\t\t\t\t\t<\/div>\n\t\t\t\t\t<\/div>\n\t\t\t\t<\/div>\n\t\t\t\t<\/div>\n\t\t","protected":false},"excerpt":{"rendered":"<p>Notre histoire Depuis toujours, j\u2019ai un faible pour tout ce qui \u201cchauffe\u201d un peu\u2026 ou beaucoup !Au d\u00e9but des ann\u00e9es 2000, je vendais des sauces piquantes venues des quatre coins du monde. Mais en 2012, tout a vraiment commenc\u00e9\u2026 \u00e0 la maison. Les sauces trop puissantes que je rapportais restaient souvent au frigo parce que [&hellip;]<\/p>\n","protected":false},"author":1,"featured_media":0,"parent":0,"menu_order":0,"comment_status":"closed","ping_status":"closed","template":"elementor_header_footer","meta":{"footnotes":""},"class_list":["post-275","page","type-page","status-publish","hentry"],"_links":{"self":[{"href":"https:\/\/samhot.ca\/en\/wp-json\/wp\/v2\/pages\/275","targetHints":{"allow":["GET"]}}],"collection":[{"href":"https:\/\/samhot.ca\/en\/wp-json\/wp\/v2\/pages"}],"about":[{"href":"https:\/\/samhot.ca\/en\/wp-json\/wp\/v2\/types\/page"}],"author":[{"embeddable":true,"href":"https:\/\/samhot.ca\/en\/wp-json\/wp\/v2\/users\/1"}],"replies":[{"embeddable":true,"href":"https:\/\/samhot.ca\/en\/wp-json\/wp\/v2\/comments?post=275"}],"version-history":[{"count":145,"href":"https:\/\/samhot.ca\/en\/wp-json\/wp\/v2\/pages\/275\/revisions"}],"predecessor-version":[{"id":1198,"href":"https:\/\/samhot.ca\/en\/wp-json\/wp\/v2\/pages\/275\/revisions\/1198"}],"wp:attachment":[{"href":"https:\/\/samhot.ca\/en\/wp-json\/wp\/v2\/media?parent=275"}],"curies":[{"name":"wp","href":"https:\/\/api.w.org\/{rel}","templated":true}]}}