{"id":249,"date":"2026-02-25T17:04:59","date_gmt":"2026-02-25T17:04:59","guid":{"rendered":"https:\/\/samhot.ca\/?post_type=product&#038;p=249"},"modified":"2026-02-25T17:06:50","modified_gmt":"2026-02-25T17:06:50","slug":"rimmer-bloody","status":"publish","type":"product","link":"https:\/\/samhot.ca\/en\/product\/rimmer-bloody\/","title":{"rendered":"RIMMER BLOODY"},"content":{"rendered":"<p>Welcome to the world of the 5th taste: Umami! Our tasty blend enhances the flavor of your favorite BLOODY and your grilled meats and fish on the BBQ or in the oven.<\/p>\n<p>Welcome to the world of the 5th flavor: Umami! Our tasty blend enhances the flavor of your favorite BLOODY and those of your grilled meats and fish on the BBQ or in the oven.<\/p>","protected":false},"excerpt":{"rendered":"<p>Bienvenue dans l\u2019univers de la 5e saveur : l\u2019Umami! Notre savoureux m\u00e9lange rehausse la saveur de votre BLOODY pr\u00e9f\u00e9r\u00e9 et celles de vos grillades (viandes et poissons) sur le BBQ\u00a0ou au four. Welcome to the world of the 5th flavour: Umami! Our tasty blend enhances the flavor of your favorite BLOODY and those of your [&hellip;]<\/p>\n","protected":false},"featured_media":203,"comment_status":"open","ping_status":"closed","template":"","meta":[],"product_brand":[],"product_cat":[22,20],"product_tag":[],"products":[],"class_list":{"0":"post-249","1":"product","2":"type-product","3":"status-publish","4":"has-post-thumbnail","6":"product_cat-nos-epices","7":"product_cat-nos-sauces","9":"first","10":"instock","11":"shipping-taxable","12":"purchasable","13":"product-type-simple"},"_links":{"self":[{"href":"https:\/\/samhot.ca\/en\/wp-json\/wp\/v2\/product\/249","targetHints":{"allow":["GET"]}}],"collection":[{"href":"https:\/\/samhot.ca\/en\/wp-json\/wp\/v2\/product"}],"about":[{"href":"https:\/\/samhot.ca\/en\/wp-json\/wp\/v2\/types\/product"}],"replies":[{"embeddable":true,"href":"https:\/\/samhot.ca\/en\/wp-json\/wp\/v2\/comments?post=249"}],"wp:featuredmedia":[{"embeddable":true,"href":"https:\/\/samhot.ca\/en\/wp-json\/wp\/v2\/media\/203"}],"wp:attachment":[{"href":"https:\/\/samhot.ca\/en\/wp-json\/wp\/v2\/media?parent=249"}],"wp:term":[{"taxonomy":"product_brand","embeddable":true,"href":"https:\/\/samhot.ca\/en\/wp-json\/wp\/v2\/product_brand?post=249"},{"taxonomy":"product_cat","embeddable":true,"href":"https:\/\/samhot.ca\/en\/wp-json\/wp\/v2\/product_cat?post=249"},{"taxonomy":"product_tag","embeddable":true,"href":"https:\/\/samhot.ca\/en\/wp-json\/wp\/v2\/product_tag?post=249"},{"taxonomy":"products","embeddable":true,"href":"https:\/\/samhot.ca\/en\/wp-json\/wp\/v2\/products?post=249"}],"curies":[{"name":"wp","href":"https:\/\/api.w.org\/{rel}","templated":true}]}}