{"id":1155,"date":"2026-03-06T21:34:38","date_gmt":"2026-03-06T21:34:38","guid":{"rendered":"https:\/\/samhot.ca\/?post_type=product&#038;p=1155"},"modified":"2026-03-13T21:03:20","modified_gmt":"2026-03-13T21:03:20","slug":"samhot-popcorn-caramel-intense-85g","status":"publish","type":"product","link":"https:\/\/samhot.ca\/fr\/product\/samhot-popcorn-caramel-intense-85g\/","title":{"rendered":"Popcorn Caramel 85g"},"content":{"rendered":"<p>Une exp\u00e9rience gustative intense, \u00e0 la fois sucr\u00e9e et \u00e9pic\u00e9e, sign\u00e9e SAMHOT. Caramel Intense allie la richesse du caramel \u00e0 une touche \u00e9pic\u00e9e pour une collation unique qui se d\u00e9marque du popcorn ordinaire.<\/p>\n","protected":false},"excerpt":{"rendered":"<p>Une exp\u00e9rience gustative intense, \u00e0 la fois sucr\u00e9e et \u00e9pic\u00e9e, sign\u00e9e SAMHOT. Caramel Intense allie la richesse du caramel \u00e0 une touche \u00e9pic\u00e9e pour une collation unique qui se d\u00e9marque du popcorn ordinaire.<\/p>\n","protected":false},"featured_media":1235,"comment_status":"open","ping_status":"closed","template":"","meta":[],"product_brand":[],"product_cat":[36],"product_tag":[],"products":[],"class_list":{"0":"post-1155","1":"product","2":"type-product","3":"status-publish","4":"has-post-thumbnail","6":"product_cat-popcorn","8":"first","9":"instock","10":"shipping-taxable","11":"purchasable","12":"product-type-simple"},"_links":{"self":[{"href":"https:\/\/samhot.ca\/fr\/wp-json\/wp\/v2\/product\/1155","targetHints":{"allow":["GET"]}}],"collection":[{"href":"https:\/\/samhot.ca\/fr\/wp-json\/wp\/v2\/product"}],"about":[{"href":"https:\/\/samhot.ca\/fr\/wp-json\/wp\/v2\/types\/product"}],"replies":[{"embeddable":true,"href":"https:\/\/samhot.ca\/fr\/wp-json\/wp\/v2\/comments?post=1155"}],"wp:featuredmedia":[{"embeddable":true,"href":"https:\/\/samhot.ca\/fr\/wp-json\/wp\/v2\/media\/1235"}],"wp:attachment":[{"href":"https:\/\/samhot.ca\/fr\/wp-json\/wp\/v2\/media?parent=1155"}],"wp:term":[{"taxonomy":"product_brand","embeddable":true,"href":"https:\/\/samhot.ca\/fr\/wp-json\/wp\/v2\/product_brand?post=1155"},{"taxonomy":"product_cat","embeddable":true,"href":"https:\/\/samhot.ca\/fr\/wp-json\/wp\/v2\/product_cat?post=1155"},{"taxonomy":"product_tag","embeddable":true,"href":"https:\/\/samhot.ca\/fr\/wp-json\/wp\/v2\/product_tag?post=1155"},{"taxonomy":"products","embeddable":true,"href":"https:\/\/samhot.ca\/fr\/wp-json\/wp\/v2\/products?post=1155"}],"curies":[{"name":"wp","href":"https:\/\/api.w.org\/{rel}","templated":true}]}}