{"id":250,"date":"2026-02-25T17:06:01","date_gmt":"2026-02-25T17:06:01","guid":{"rendered":"https:\/\/samhot.ca\/?post_type=product&#038;p=250"},"modified":"2026-02-25T17:06:01","modified_gmt":"2026-02-25T17:06:01","slug":"huile-pizza","status":"publish","type":"product","link":"https:\/\/samhot.ca\/fr\/product\/huile-pizza\/","title":{"rendered":"HUILE PIZZA!"},"content":{"rendered":"<p><strong>D\u00e9couvrez L&rsquo;Huile Piquante PIZZA! SAMHOT: Un \u00c9clat de Saveurs \u00c9pic\u00e9es !<\/strong><\/p>\n<p>Notre huile piquante PIZZA! SAMHOT est fabriqu\u00e9e \u00e0 partir d&rsquo;huile de canola infus\u00e9e de piments de Cayenne durant plusieurs semaines, puis embouteill\u00e9e avec des flocons de piments de Cayenne d\u00e9shydrat\u00e9s. Cette infusion lui conf\u00e8re un piquant subtil mais bien pr\u00e9sent, parfait pour rehausser vos plats. Nous offrons deux versions : la version r\u00e9guli\u00e8re pour un piquant mod\u00e9r\u00e9 et la version extra-\u00e9pic\u00e9e, infus\u00e9e de piments 7Pot Primo pour les amateurs de sensations fortes.<\/p>\n<p><strong>Suggestions d&rsquo;utilisation :<\/strong><\/p>\n<p><strong>FROMAGES<\/strong>\u00a0:<\/p>\n<ul>\n<li><em>Fromages \u00e0 p\u00e2te dure<\/em>\u00a0: Arrosez des morceaux de fromage comme le parmesan ou le pecorino avec un filet d\u2019huile piquante. Le piquant et la richesse de l\u2019huile compl\u00e9teront parfaitement le go\u00fbt fort de ces fromages.<\/li>\n<\/ul>\n<ul>\n<li><em>Fromages frais<\/em>\u00a0: Utilisez l\u2019huile piquante pour assaisonner des fromages frais comme la mozzarella ou le feta. La douceur du fromage sera \u00e9quilibr\u00e9e par le piquant de l\u2019huile.<\/li>\n<\/ul>\n<p><strong>CHARCUTERIE ET VIANDES<\/strong>\u00a0:<\/p>\n<ul>\n<li><em>Charcuterie<\/em>\u00a0: Ajoutez quelques gouttes sur des tranches de charcuterie comme le salami ou le prosciutto pour une touche \u00e9pic\u00e9e qui rehaussera les saveurs.<\/li>\n<\/ul>\n<ul>\n<li><em>Viandes grill\u00e9es<\/em>\u00a0: Badigeonnez l\u2019huile piquante sur des viandes grill\u00e9es comme des c\u00f4telettes de porc ou des brochettes de poulet. Elle ajoutera une saveur \u00e9pic\u00e9e et une richesse suppl\u00e9mentaire \u00e0 la viande.<\/li>\n<\/ul>\n<p><strong>GRIGNOTINES ET AP\u00c9RITIFS<\/strong>\u00a0:<\/p>\n<ul>\n<li><em>Bruschettas<\/em>\u00a0: Arrosez les bruschettas avec un peu d\u2019huile piquante pour une touche \u00e9pic\u00e9e qui rehaussera les tomates et les herbes.<\/li>\n<\/ul>\n<ul>\n<li><em>Frites et chips<\/em>\u00a0: Servez l\u2019huile en dip pour des frites, chips ou olives pour une exp\u00e9rience de grignotage \u00e9pic\u00e9e et savoureuse.<\/li>\n<\/ul>\n<p><strong>PLATS DE P\u00c2TES ET PIZZAS<\/strong>\u00a0:<\/p>\n<ul>\n<li><em>P\u00e2tes<\/em>\u00a0: Utilisez l\u2019huile piquante comme finition pour des plats de p\u00e2tes. Quelques gouttes suffisent pour apporter une profondeur de saveur \u00e9pic\u00e9e.<\/li>\n<\/ul>\n<ul>\n<li><em>Pizza<\/em>\u00a0: Arrosez vos pizzas avec l\u2019huile piquante avant ou apr\u00e8s la cuisson pour un piquant suppl\u00e9mentaire qui se marie parfaitement avec le fromage fondu et les garnitures.<\/li>\n<\/ul>\n<p><strong>SALADES ET L\u00c9GUMES<\/strong>\u00a0:<\/p>\n<ul>\n<li><em>Salades estivales<\/em>\u00a0: Ajoutez l\u2019huile piquante dans vos vinaigrettes maison pour donner un coup de fouet aux salades d&rsquo;\u00e9t\u00e9. Elle est particuli\u00e8rement bonne avec des salades contenant des l\u00e9gumes grill\u00e9s ou des fruits.<\/li>\n<\/ul>\n<ul>\n<li><em>L\u00e9gumes grill\u00e9s<\/em>\u00a0: Arrosez les l\u00e9gumes grill\u00e9s comme les courgettes, les poivrons ou les aubergines avec l\u2019huile piquante pour un go\u00fbt \u00e9pic\u00e9 qui compl\u00e8te les saveurs des l\u00e9gumes.<\/li>\n<\/ul>\n<p><strong>SAUCES ET MARINADES<\/strong>\u00a0:<\/p>\n<ul>\n<li><em>Chimichurri<\/em>\u00a0: Utilisez l\u2019huile piquante comme base pour une sauce chimichurri parfaite. Sa richesse \u00e9pic\u00e9e se marie bien avec les herbes fra\u00eeches et l\u2019ail.<\/li>\n<\/ul>\n<ul>\n<li><em>Marinades<\/em>\u00a0: Incorporez l\u2019huile piquante dans vos marinades pour viandes ou l\u00e9gumes. Elle ajoutera une profondeur de saveur \u00e9pic\u00e9e et un piquant agr\u00e9able.<\/li>\n<\/ul>\n<p><strong>P\u00c2T\u00c9S ET TERRINES<\/strong>\u00a0:<\/p>\n<ul>\n<li><em>P\u00e2t\u00e9s<\/em>\u00a0: Ajoutez un filet d\u2019huile piquante sur des p\u00e2t\u00e9s ou terrines pour une touche \u00e9pic\u00e9e qui rehausse les saveurs de viande ou de l\u00e9gumes.<\/li>\n<\/ul>\n<ul>\n<li><em>Terrines<\/em>\u00a0: Utilisez l\u2019huile piquante pour rehausser le go\u00fbt des terrines de viande ou de l\u00e9gumes. Quelques gouttes suffisent pour ajouter une note piquante.<\/li>\n<\/ul>\n<p><strong>L\u2019Huile Piquante PIZZA! SAMHOT<\/strong>\u00a0est le condiment parfait pour ceux qui recherchent une touche \u00e9pic\u00e9e subtile mais pr\u00e9sente. Que vous cherchiez \u00e0 am\u00e9liorer vos plats de tous les jours ou \u00e0 impressionner vos invit\u00e9s avec des cr\u00e9ations culinaires audacieuses, cette huile apportera une dimension unique \u00e0 vos repas !<\/p>\n","protected":false},"excerpt":{"rendered":"<p>D\u00e9couvrez L&rsquo;Huile Piquante PIZZA! SAMHOT: Un \u00c9clat de Saveurs \u00c9pic\u00e9es ! Notre huile piquante PIZZA! SAMHOT est fabriqu\u00e9e \u00e0 partir d&rsquo;huile de canola infus\u00e9e de piments de Cayenne durant plusieurs semaines, puis embouteill\u00e9e avec des flocons de piments de Cayenne d\u00e9shydrat\u00e9s. Cette infusion lui conf\u00e8re un piquant subtil mais bien pr\u00e9sent, parfait pour rehausser vos [&hellip;]<\/p>\n","protected":false},"featured_media":166,"comment_status":"open","ping_status":"closed","template":"","meta":[],"product_brand":[],"product_cat":[21],"product_tag":[],"products":[],"class_list":{"0":"post-250","1":"product","2":"type-product","3":"status-publish","4":"has-post-thumbnail","6":"product_cat-nos-huiles","8":"first","9":"instock","10":"shipping-taxable","11":"purchasable","12":"product-type-simple"},"_links":{"self":[{"href":"https:\/\/samhot.ca\/fr\/wp-json\/wp\/v2\/product\/250","targetHints":{"allow":["GET"]}}],"collection":[{"href":"https:\/\/samhot.ca\/fr\/wp-json\/wp\/v2\/product"}],"about":[{"href":"https:\/\/samhot.ca\/fr\/wp-json\/wp\/v2\/types\/product"}],"replies":[{"embeddable":true,"href":"https:\/\/samhot.ca\/fr\/wp-json\/wp\/v2\/comments?post=250"}],"wp:featuredmedia":[{"embeddable":true,"href":"https:\/\/samhot.ca\/fr\/wp-json\/wp\/v2\/media\/166"}],"wp:attachment":[{"href":"https:\/\/samhot.ca\/fr\/wp-json\/wp\/v2\/media?parent=250"}],"wp:term":[{"taxonomy":"product_brand","embeddable":true,"href":"https:\/\/samhot.ca\/fr\/wp-json\/wp\/v2\/product_brand?post=250"},{"taxonomy":"product_cat","embeddable":true,"href":"https:\/\/samhot.ca\/fr\/wp-json\/wp\/v2\/product_cat?post=250"},{"taxonomy":"product_tag","embeddable":true,"href":"https:\/\/samhot.ca\/fr\/wp-json\/wp\/v2\/product_tag?post=250"},{"taxonomy":"products","embeddable":true,"href":"https:\/\/samhot.ca\/fr\/wp-json\/wp\/v2\/products?post=250"}],"curies":[{"name":"wp","href":"https:\/\/api.w.org\/{rel}","templated":true}]}}